{"id":98,"date":"2017-02-28T10:56:50","date_gmt":"2017-02-28T08:56:50","guid":{"rendered":"http:\/\/beta.etti-master.utcluj.ro\/?page_id=98"},"modified":"2026-04-29T17:21:02","modified_gmt":"2026-04-29T15:21:02","slug":"programe-de-studiu","status":"publish","type":"page","link":"https:\/\/etti-master.utcluj.ro\/index.php\/programe-de-studiu\/","title":{"rendered":"Cifre de \u0219colarizare &#038; Programe de studiu"},"content":{"rendered":"\n<h2>Num\u0103r de locuri \u2013 sesiunea<strong>&nbsp;IULIE 2026<\/strong><\/h2>\n\n\n\n<figure class=\"wp-block-table is-style-stripes\">\n<table><tbody>\n<tr>\n<td class=\"has-text-align-left\" colspan=\"6\"><em>Domeniu: Inginerie electronic\u0103, telecomunica\u021bii \u0219i tehnologii informa\u021bionale<\/em> (Cluj-Napoca)<\/td>\n<\/tr>\n<tr><td><\/td>\n<td class=\"has-text-align-center\" colspan=\"2\">Locuri<\/td>\n<td class=\"has-text-align-center\" colspan=\"3\">Rom\u00e2ni de pretutindeni<\/td>\n<\/tr>\n<tr><td><strong>Program de studiu<\/strong><\/td>\n<td class=\"has-text-align-center\">buget<\/td>\n<td class=\"has-text-align-center\">tax\u0103<\/td>\n<td class=\"has-text-align-center\">cu burs\u0103<\/td>\n<td class=\"has-text-align-center\">f\u0103r\u0103 burs\u0103<\/td>\n<td class=\"has-text-align-center\">tax\u0103 \u00een lei<\/td><\/tr>\n<tr>\n<td><a href=\"https:\/\/etti-master.utcluj.ro\/index.php\/programe-de-studiu\/#csi\">Circuite \u0219i sisteme integrate (CSI)<\/a><\/td>\n<td class=\"has-text-align-center\"> <\/td>\n<td class=\"has-text-align-center\"> <\/td>\n<td>\ufeff<\/td><td>\ufeff<\/td><td><\/td><\/tr>\n<tr>\n<td><a href=\"https:\/\/etti-master.utcluj.ro\/index.php\/programe-de-studiu\/#ie\">Inginerie electronic\u0103 (IE)<\/a><\/td>\n<td class=\"has-text-align-center\"> <\/td>\n<td class=\"has-text-align-center\"> <\/td>\n<td>\ufeff<\/td><td>\ufeff<\/td><td><\/td><\/tr>\n<tr>\n<td><a href=\"https:\/\/etti-master.utcluj.ro\/index.php\/programe-de-studiu\/#ia\">Inteligen\u021b\u0103 artificial\u0103 \u0219i prelucr\u0103ri de semnale \u00een electronic\u0103 \u0219i telecomunica\u021bii (\u00een limba englez\u0103) (IAPSET)<\/a><\/td>\n<td class=\"has-text-align-center\"> <\/td>\n<td class=\"has-text-align-center\"> <\/td>\n<td>\ufeff<\/td><td>\ufeff<\/td><td><\/td><\/tr>\n<tr>\n<td><a href=\"https:\/\/etti-master.utcluj.ro\/index.php\/programe-de-studiu\/#psi\">Prelucrarea semnalelor \u0219i imaginilor (\u00een limba francez\u0103) (PSI)<\/a><\/td>\n<td class=\"has-text-align-center\"> <\/td>\n<td class=\"has-text-align-center\"> <\/td>\n<td>\ufeff<\/td><td>\ufeff<\/td><td><\/td><\/tr>\n<tr>\n<td><a href=\"https:\/\/etti-master.utcluj.ro\/index.php\/programe-de-studiu\/#sicas\">Sisteme integrate de comunica\u021bii cu aplica\u021bii speciale (SICAS)<\/a><\/td>\n<td class=\"has-text-align-center\"> <\/td>\n<td class=\"has-text-align-center\"> <\/td>\n<td>\ufeff<\/td><td>\ufeff<\/td><td><\/td><\/tr>\n<tr>\n<td><a href=\"https:\/\/etti-master.utcluj.ro\/index.php\/programe-de-studiu\/#tm\">Tehnologii multimedia (TM)<\/a><\/td>\n<td class=\"has-text-align-center\"> <\/td>\n<td class=\"has-text-align-center\"> <\/td>\n<td>\ufeff<\/td><td>\ufeff<\/td><td><\/td><\/tr>\n<tr>\n<td><a href=\"https:\/\/etti-master.utcluj.ro\/index.php\/programe-de-studiu\/#eact\">Tehnologii, sisteme \u0219i aplica\u021bii pentru eActivit\u0103\u021bi (TSAeA)<\/a><\/td>\n<td class=\"has-text-align-center\"> <\/td>\n<td class=\"has-text-align-center\"> <\/td>\n<td>\ufeff<\/td><td>\ufeff<\/td><td><\/td><\/tr>\n<tr>\n<td><a href=\"https:\/\/etti-master.utcluj.ro\/index.php\/programe-de-studiu\/#tc\">Telecomunica\u021bii (TC)<\/a><\/td>\n<td class=\"has-text-align-center\"> <\/td>\n<td class=\"has-text-align-center\"> <\/td>\n<td>\ufeff<\/td><td>\ufeff<\/td><td><\/td><\/tr>\n<tr>\n<td><strong>TOTAL LOCURI<\/strong><\/td>\n<td class=\"has-text-align-center\"><strong> <\/strong><\/td>\n<td class=\"has-text-align-center\"><strong> <\/strong><\/td>\n<td class=\"has-text-align-center\"><strong> <\/strong><\/td>\n<td class=\"has-text-align-center\"><strong> <\/strong><\/td>\n<td class=\"has-text-align-center\"><strong> <\/strong><\/td><\/tr>\n<\/tbody><\/table><\/figure>\n<br><br>\n<section id=\"csi\">\n<h3 class=\"auto-style5\"><img loading=\"lazy\" class=\"alignleft wp-image-2917 size-medium\" src=\"https:\/\/etti-master.utcluj.ro\/wp-content\/uploads\/2024\/06\/Poster_CSI_2024-212x300.png\" alt=\"CSI\" width=\"212\" height=\"300\" srcset=\"https:\/\/etti-master.utcluj.ro\/wp-content\/uploads\/2024\/06\/Poster_CSI_2024-212x300.png 212w, https:\/\/etti-master.utcluj.ro\/wp-content\/uploads\/2024\/06\/Poster_CSI_2024-724x1024.png 724w, https:\/\/etti-master.utcluj.ro\/wp-content\/uploads\/2024\/06\/Poster_CSI_2024-768x1086.png 768w, https:\/\/etti-master.utcluj.ro\/wp-content\/uploads\/2024\/06\/Poster_CSI_2024-1086x1536.png 1086w, https:\/\/etti-master.utcluj.ro\/wp-content\/uploads\/2024\/06\/Poster_CSI_2024-1448x2048.png 1448w, https:\/\/etti-master.utcluj.ro\/wp-content\/uploads\/2024\/06\/Poster_CSI_2024-648x916.png 648w, https:\/\/etti-master.utcluj.ro\/wp-content\/uploads\/2024\/06\/Poster_CSI_2024-136x192.png 136w, https:\/\/etti-master.utcluj.ro\/wp-content\/uploads\/2024\/06\/Poster_CSI_2024.png 1655w\" sizes=\"(max-width: 212px) 100vw, 212px\" \/>Circuite \u0219i sisteme integrate<\/h3>\n<p class=\"auto-style2\">Responsabil program:&nbsp;<strong>Prof.dr.ing. Sorin Hintea<\/strong><\/p>\n<p class=\"auto-style5\"><a href=\"http:\/\/www.bel.utcluj.ro\/master.htm\" target=\"_blank\" rel=\"noopener noreferrer\">Pagina web<\/a> \/ <a href=\"https:\/\/etti.utcluj.ro\/files\/Acasa\/Site\/planuri-invatamant\/PP_mas_CSI_2025-2026.pdf\" target=\"blank\" rel=\"noopener noreferrer\">Plan de \u00eenv\u0103\u021b\u0103m\u00e2nt<\/a>&nbsp;\/ <a href=\"https:\/\/etti-master.utcluj.ro\/wp-content\/uploads\/2024\/04\/master_CSI_2024.pdf\" target=\"_blank\" rel=\"noopener noreferrer\">Pliant prezentare<\/a><\/p>\n<p style=\"text-align: justify;\">Programul de masterat \u201cCircuite \u0219i sisteme integrate\u201d preg\u0103te\u015fte studen\u0163ii pentru a deveni speciali\u015fti in&nbsp; proiectarea sistemelor cu circuite electronice, reg\u0103site \u00een aproape toate echipamentele din domeniul industrial, automotive, telecomunica\u021bii, medical, aerospa\u021bial.<br>Direc\u021biile de studiu abordate sunt: proiectarea \u0219i testarea circuitelor analogice \u0219i digitale complexe, dezvoltarea aplica\u021biilor cu circuite digitale programabile, prelucrarea avansat\u0103 a semnalelor, modelarea statistic\u0103 \u0219i metode numerice inteligen\u021b\u0103 artificial\u0103, tehnologii IoT \u0219i senzori inteligen\u021bi, teoria jocurilor, economie digital.<br>Programul este inclus \u00een clusterul MICROELECTRONICS din consor\u021biul EUT+ \u0219i ofer\u0103 studen\u021bilor mobilit\u0103\u021bi de cercetare \u00een universit\u0103\u021bile partenere prin burse Erasmus, activit\u0103\u021bi de cercetare \u00een colaborare cu mari companii din industria semiconductorilor, precum \u0219i &nbsp;abordarea unor direc\u021bii de cercetare multidisciplinare.<\/p>\n<\/section>\n<section id=\"ie\">\n<h3 class=\"auto-style5\"><img loading=\"lazy\" class=\"size-medium wp-image-2920 alignleft\" src=\"https:\/\/etti-master.utcluj.ro\/wp-content\/uploads\/2026\/04\/Poster_IE.png\" alt=\"\" width=\"225\" height=\"300\">Inginerie electronic\u0103<\/h3>\n<p class=\"auto-style2\">Responsabil program:&nbsp;<strong>Prof.dr.ing. Dorin Petreu\u0219<\/strong><\/p>\n<p class=\"auto-style5\"><a href=\"http:\/\/www.ael.utcluj.ro\/beta\/?page_id=260&amp;lang=ro\" target=\"_blank\" rel=\"noopener noreferrer\">Pagina web<\/a> \/ <a href=\"https:\/\/etti.utcluj.ro\/files\/Acasa\/Site\/planuri-invatamant\/PP_mas_IE_2025-2026.pdf\" target=\"blank\" rel=\"noopener noreferrer\">Plan de \u00eenv\u0103\u021b\u0103m\u00e2nt<\/a> \/ <a href=\"https:\/\/etti-master.utcluj.ro\/wp-content\/uploads\/2021\/07\/ETTI_2021_RO_master_IE_compressed.pdf\" target=\"_blank\" rel=\"noopener noreferrer\">Pliant prezentare<\/a><\/p>\n<p class=\"auto-style5\" style=\"text-align: justify;\">Programul de master \u00ee\u015fi propune urm\u0103toarele obiective majore:<br>o Formarea absolven\u0163ilor pentru abordarea unui program de doctorat \u00een domeniul ingineriei electronice \u015fi telecomunica\u0163iilor.<br>o Formarea absolven\u0163ilor pentru integrare \u00een echipe de cercetare.<br>o Asigurarea competen\u0163elor necesare pentru angajarea \u015fi integrarea absolven\u0163ilor \u00een firme de electronic\u0103 \u015fi telecomunica\u0163ii la nivelul unor posturi care presupun: Proiectarea sistemelor electronice cu semnale mixte (analogice \u015fi digitale); Abordarea proiect\u0103rii sistemelor electronice \u00eentr-un context complex: func\u0163ionalitate de baz\u0103, compatibilitate electromagnetic\u0103 \u015fi termic\u0103, design \u015fi fabrica\u0163ie; Proiectarea microsistemelor electronice embedded; Proiectarea \u015fi integrarea sistemelor electronice dedicate unor aplica\u0163ii specifice: sisteme de alimentare, sisteme biomedicale, sisteme pentru electronica auto, sisteme de m\u0103sur\u0103 \u015fi control.<\/p>\n<\/section>\n<section id=\"ia\">\n<h3 class=\"auto-style5\"><img loading=\"lazy\" class=\"size-medium wp-image-2929 alignleft\" src=\"https:\/\/etti-master.utcluj.ro\/wp-content\/uploads\/2026\/04\/Poster_IAPSET-1.png\" alt=\"\" width=\"226\" height=\"300\">Inteligen\u021b\u0103 artificial\u0103 \u0219i prelucr\u0103ri de semnale \u00een electronic\u0103 \u0219i telecomunica\u021bii (\u00een limba englez\u0103)<\/h3>\n<p class=\"auto-style5\">Responsabil program: <strong>Prof.dr.ing. Romulus Terebe\u0219<\/strong><\/p>\n<p><a href=\"https:\/\/master-iapset.utcluj.ro\/\" target=\"_blank\" rel=\"noopener noreferrer\">Pagina web<\/a> \/&nbsp;<a href=\"https:\/\/etti.utcluj.ro\/files\/Acasa\/Site\/planuri-invatamant\/PP_mas_IAPSET_eng_2025-2026.pdf\">Plan de \u00eenv\u0103\u021b\u0103m\u00e2nt<\/a> \/ Pliant prezentare<\/p>\n<p style=\"text-align: justify;\">Programul de master propune formarea de speciali\u0219ti \u00een domeniul multidisciplinar al inteligen\u021bei artificiale, al prelucr\u0103rii semnalelor si al tehnologiei informa\u021biei, prin dob\u00e2ndirea de aptitudini \u0219i abilit\u0103\u021bi \u00een cercetarea \u0219i dezvoltarea de algoritmi specifici, pornind de la modelul matematic, p\u00e2n\u0103 la solu\u021bii tehnologice.<br>Competen\u021bele ob\u021binute vor fi asociate conceptelor \u0219i metodelor bazate pe inteligen\u021b\u0103 artificial\u0103 \u0219i metodelor matematice pentru extragerea, procesarea, accentuarea, stocarea sau clasificarea informa\u021biilor con\u021binute \u00een semnale unidimensionale \u0219i multidimensionale, precum \u0219i predic\u021biei pe baza acestora.<\/p>\n<\/section>\n<section id=\"psi\">\n<h3 class=\"auto-style5\"><img loading=\"lazy\" class=\"size-medium wp-image-2928 alignleft\" src=\"https:\/\/etti-master.utcluj.ro\/wp-content\/uploads\/2026\/04\/Poster_PSI.PNG?ver=1777475723\" alt=\"\" width=\"226\" height=\"300\">Prelucrarea semnalelor \u015fi imaginilor (\u00een limba francez\u0103)<\/h3>\n<p class=\"auto-style2\">Responsabil program:&nbsp;<strong>Prof.dr.ing. Romulus Terebe\u0219<\/strong><\/p>\n<p><a href=\"http:\/\/master-psi.utcluj.ro\/\" target=\"_blank\" rel=\"noopener noreferrer\">Pagina web<\/a> \/&nbsp;<a href=\"https:\/\/etti.utcluj.ro\/files\/Acasa\/Site\/planuri-invatamant\/PP_mas_PSI-fr_2025-2026.pdf\" target=\"blank\" rel=\"noopener noreferrer\">Plan de \u00eenv\u0103\u021b\u0103m\u00e2nt<\/a> \/ <a href=\"https:\/\/etti-master.utcluj.ro\/wp-content\/uploads\/2021\/07\/ETTI_2021_RO_master_PSI_compressed.pdf\" target=\"_blank\" rel=\"noopener noreferrer\">Pliant prezentare<\/a><\/p>\n<p style=\"text-align: justify;\">Programul de master este de tip cercetare \u0219i este construit pe baza unui plan de \u00eenv\u0103\u021b\u0103m\u00e2nt care include discipline diverse (tehnici avansate de prelucrare a imaginilor \u0219i a secven\u021belor video, tehnici de procesare \u00een domeniul transformatelor, tehnici de inteligen\u021b\u0103 artificial\u0103, prelucr\u0103ri statistice de semnale, prelucrarea semnalului genomic \u0219i a semnalului vocal (analiz\u0103 sau sintez\u0103), viziune asistat\u0103 de calculator, data mining, fuziune de date, software pentru prelucr\u0103ri de semnale \u0219i imagini). Acestea permit dob\u00e2ndirea de competen\u021be \u0219i aptitudini pentru profesiile specializate ale tehnologiei informa\u021biei care au devenit esen\u021biale \u00een lumea de ast\u0103zi, at\u00e2t \u00een Rom\u00e2nia, c\u00e2t \u0219i \u00een Europa, precum: teledetec\u021bie, agricultur\u0103 de precizie, bioinformatic\u0103, imagistic\u0103 medical\u0103, data science, etc.<br>Studen\u021bii \u00eenscri\u0219i la programul de master PSI au posibilitatea de a ob\u021bine o diplom\u0103 dubl\u0103 \u00eentr-un domeniu de excelen\u021b\u0103, \u00een baza colabor\u0103rii de lung\u0103 durat\u0103 (din 2011-2012) cu Universitatea din Bordeaux, Fran\u021ba. 28 de absolven\u021bi ai programului de master au beneficiat p\u00e2n\u0103 \u00een prezent\u0103 de aceast\u0103 facilitate. Absolven\u021bii pot continua studiile printr-o tez\u0103 de doctorat sau pot ob\u021bine un loc de munc\u0103 imediat \u00een companii francofone sau multina\u021bionale.&nbsp;<\/p>\n<\/section>\n<p><!--more--><\/p>\n<section id=\"sicas\">\n<h3 class=\"auto-style5\"><img loading=\"lazy\" class=\"size-medium wp-image-2927 alignleft\" src=\"https:\/\/etti-master.utcluj.ro\/wp-content\/uploads\/2025\/06\/Afis_SICAS_2025.png\" alt=\"\" width=\"212\" height=\"300\">Sisteme integrate de comunica\u021bii cu aplica\u0163ii speciale<\/h3>\n<p class=\"auto-style2\">Responsabil program:&nbsp;<strong>Prof.dr.ing. Emanuel Pu\u0219chi\u021b\u0103&nbsp;<\/strong><\/p>\n<p class=\"auto-style5\"><a href=\"http:\/\/master-sicas.utcluj.ro\/\" target=\"_blank\" rel=\"noopener noreferrer\">Pagina web<\/a> \/ <a href=\"https:\/\/etti.utcluj.ro\/files\/Acasa\/Site\/planuri-invatamant\/PP_mas_SICAS_2025-2026.pdf\" target=\"blank\" rel=\"noopener noreferrer\">Plan de \u00eenv\u0103\u021b\u0103m\u00e2nt<\/a> \/ <a href=\"https:\/\/etti-master.utcluj.ro\/wp-content\/uploads\/2021\/07\/ETTI_2021_RO_master_SICAS_compressed.pdf\" target=\"_blank\" rel=\"noopener noreferrer\">Pliant prezentare<\/a><\/p>\n<p class=\"auto-style5\" style=\"text-align: justify;\">Programul de master SICAS este orientat c\u0103tre o preg\u0103tire avansat\u0103 \u00een tehnologiile sistemelor de comunica\u0163ii radio fixe \u015fi mobile, incluz\u00e2nd aici \u015fi aspectele conexe ale domeniului. Este deosebit de util tuturor speciali\u015ftilor care sunt implica\u0163i \u00een proiectarea, operarea \u015fi \u00eentre\u0163inerea re\u0163elelor radio cu destina\u0163ie special\u0103 c\u00e2t \u015fi a celor comerciale, fiind bine apreciat de c\u0103tre inginerii care activeaz\u0103 \u00een diferite structuri ale statului ce utilizeaz\u0103 sisteme de comunica\u0163ii radio dedicate precum \u015fi de c\u0103tre operatorii de telecomunica\u0163ii din Rom\u00e2nia. Misiunea de \u00eenv\u0103\u0163\u0103m\u00e2nt \u015fi de cercetare \u015ftiin\u0163ific\u0103 asumat\u0103 \u00adprin intermediul acestui program se bazeaz\u0103 pe cerin\u0163ele pie\u0163ei for\u0163ei de munc\u0103, asigur\u00e2nd absolven\u0163i califica\u0163i ce vor putea activa at\u00e2t \u00een realizarea \u015fi operarea sistemelor de telecomunica\u0163ii c\u00e2t \u015fi \u00een managementul cercet\u0103rii sau exploat\u0103rii acestor sisteme. Masterul profesional SICAS se adreseaz\u0103 tuturor absolven\u0163ilor institu\u0163ilor de \u00eenv\u0103\u0163\u0103m\u00e2nt superior din domeniul telecomunica\u0163iilor, \u00een mod special celor interesa\u0163i de administrarea sistemelor de comunica\u0163ii radio. Misiunea de \u00eenv\u0103\u0163\u0103m\u00e2nt \u015fi de cercetare \u015ftiin\u0163ific\u0103 asumat\u0103 se \u00eencadreaz\u0103 pe deplin \u00een profilul \u015fi specializarea Facult\u0103\u0163ii de Electronic\u0103, Telecomunica\u0163ii \u015fi Tehnologia Informa\u0163iei din cadrul Universit\u0103\u0163ii Tehnice din Cluj-Napoca \u015fi se realizeaz\u0103 \u00een colaborare cu institu\u0163ii \u015fi societ\u0103\u0163i cum ar fi: Academia For\u0163elor Terestre \u201cNicolae B\u0103lcescu\u201d, Institutul Na\u0163ional de Studii \u015fi Cercet\u0103ri pentru Comunica\u0163ii (INSCC), Institul Na\u0163ional de Cercetare Dezvoltare pentru Tehnologie Izotopic\u0103 \u015fi Molecular\u0103 (INCDTIM), Autoritatea Na\u0163ional\u0103 pentru Administrare \u015fi Reglementare \u00een Comunica\u0163ii (ANCOM), Societatea Na\u0163ional\u0103 de Radiocomunica\u0163ii (SNR).<\/p>\n<\/section>\n<section id=\"tm\">\n<h3 class=\"auto-style5\"><img loading=\"lazy\" class=\"size-medium wp-image-2923 alignleft\" src=\"https:\/\/etti-master.utcluj.ro\/wp-content\/uploads\/2026\/04\/Poster_TM.PNG\" alt=\"\" width=\"212\" height=\"300\">Tehnologii multimedia<\/h3>\n<p class=\"auto-style2\">Responsabil program:&nbsp;<strong>Conf.dr.ing. Bogdan Orza<\/strong><\/p>\n<p class=\"auto-style5\"><a href=\"http:\/\/el.el.obs.utcluj.ro\/tm\" target=\"_blank\" rel=\"noopener noreferrer\">Pagina web<\/a> \/ <a href=\"https:\/\/etti.utcluj.ro\/files\/Acasa\/Site\/planuri-invatamant\/PP_mas_TM_2025-2026.pdf\" target=\"blank\" rel=\"noopener noreferrer\">Plan de \u00eenv\u0103\u021b\u0103m\u00e2nt<\/a> \/ <a href=\"https:\/\/etti-master.utcluj.ro\/wp-content\/uploads\/2021\/07\/ETTI_2021_RO_master_TM_compressed.pdf\" target=\"_blank\" rel=\"noopener noreferrer\">Pliant prezentare<\/a><\/p>\n<p class=\"auto-style5\" style=\"text-align: justify;\">Masterul in Tehnologii Multimedia (TM) este orientat spre preg\u0103tirea avansat\u0103 \u00een tehnologia informa\u021biei utilizat\u0103 \u00een sistemele multimedia distribuite, incluz\u00e2nd at\u00e2t prelucrarea semnalelor de orice tip (voce, imagini, text) c\u00e2t \u0219i recunoa\u0219terea lor.&nbsp;<br>Astfel, disciplinele acoper\u0103 o arie larg\u0103 de no\u021biuni, at\u00e2t no\u021biuni de inteligen\u021b\u0103 artificial\u0103 de baz\u0103, elemente de baze de date distribuite,&nbsp;elemente software avansate, precum \u0219i no\u021biuni avansate pentru dezvoltarea unor sisteme instruibile pentru analiza \u0219i interpretarea informa\u021biei (voce, date, text, imagini, video), ingineria datelor \u00een cloud.&nbsp;<br>Se pune accent pe analiza, sinteza \u0219i proiectarea \u0219tiin\u021bific\u0103, dar \u0219i pe aducerea de plus de cunoa\u0219tere prin cercetare aplicativ\u0103.&nbsp;<br>Cuno\u0219tin\u021be teoretice: Analiza, proiectarea, testarea \u0219i evaluarea sistemelor multimedia distribuite. Modelarea \u0219i planificarea sistemelor multimedia \u0219i a sistemelor de telecomunica\u021bii. Instalarea, configurarea, operarea \u0219i intretinerea hardware si software a re\u021belelor de telecomunica\u021bii complexe. Elemente de inteligen\u021b\u0103 artificial\u0103. Sisteme instruibile pentru analiza datelor. Prelucrarea multimedia a semnalelor (voce, date, text, imagini). No\u021biuni despre reprezentare optim\u0103 a datelor (codare \u0219i compresie a datelor: JPEG\/MPEG\/MP3\/H.265\/etc). Aplica\u021bii software pentru telecomunica\u021bii \u00een tehnologii web \u0219i multimedia. Ingineria datelor \u00een cloud.<\/p>\n<\/section>\n<section id=\"eact\">\n<h3 class=\"auto-style5\"><img loading=\"lazy\" class=\"alignnone size-medium wp-image-2935\" src=\"https:\/\/etti-master.utcluj.ro\/wp-content\/uploads\/2026\/04\/Poster_TSAeA.png\" alt=\"\" width=\"1\" height=\"1\"><img loading=\"lazy\" class=\"alignnone size-medium wp-image-2935\" src=\"https:\/\/etti-master.utcluj.ro\/wp-content\/uploads\/2025\/06\/Afis_TSAeA_2025.png\" alt=\"\" width=\"1\" height=\"1\"><img loading=\"lazy\" class=\"size-medium wp-image-2940 alignleft\" src=\"https:\/\/etti-master.utcluj.ro\/wp-content\/uploads\/2025\/06\/Afis_TSAeA_2025.png\" alt=\"\" width=\"210\" height=\"300\">Tehnologii, sisteme \u0219i aplica\u021bii pentru eActivit\u0103\u021bi<\/h3>\n<p class=\"auto-style2\">Responsabil program:&nbsp;<strong>Prof.dr.ing. Gabriel Oltean<\/strong><\/p>\n<p class=\"auto-style5\"><a class=\"auto-style2\" href=\"https:\/\/master-tsaea.utcluj.ro\/\" target=\"_blank\" rel=\"noopener noreferrer\">Pagina web<\/a> \/ <a href=\"https:\/\/etti.utcluj.ro\/files\/Acasa\/Site\/planuri-invatamant\/PP_mas_TSAeA_2025-2026.pdf\" target=\"blank\" rel=\"noopener noreferrer\">Plan de \u00eenv\u0103\u021b\u0103m\u00e2nt<\/a> \/ <a href=\"https:\/\/etti-master.utcluj.ro\/wp-content\/uploads\/2021\/07\/ETTI_2021_RO_master_TSAeA_compressed.pdf\" target=\"_blank\" rel=\"noopener noreferrer\">Pliant prezentare<\/a><\/p>\n<p class=\"auto-style5\" style=\"text-align: justify;\">Programul de studii de master Tehnologii, sisteme \u015fi aplica\u021bii pentru eActivit\u0103\u0163i &#8211; eSTART r\u0103spunde nevoilor de speciali\u0219ti cu competen\u021be noi necesare dezvolt\u0103rii societ\u0103\u021bii bazat\u0103 pe utilizarea intensiv\u0103 \u0219i pe scar\u0103 larg\u0103 \u00een activit\u0103\u021bile principale a tehnologiilor informa\u021bionale. Din aria vast\u0103 a domeniului e-Activit\u0103\u021bilor, programul de studiu se axeaz\u0103 pe specializarea e-Afaceri combin\u00e2nd cuno\u0219tin\u021bele teoretice cu aplica\u021bii \u0219i studii de caz practice \u00een ariile de interes reprezentative, cum sunt: <br>o Analiza, administrarea, implementarea \u0219i integrarea serviciilor informatice pentru tranzac\u021bii de afaceri electronice. <br>o Analiza \u0219i elaborarea specifica\u021biilor pentru implementarea solu\u021biilor informatice de management a con\u021binutului digital \u00een diferite domenii de activitate. <br>o Crearea con\u021binutului digital \u0219i implementarea serviciilor de tip media digital\u0103 pentru afaceri. <br>o Utilizarea sistemelor de management a con\u021binutului digital. <br>o Modelarea \u0219i analiza datelor din perspectiva deciziilor de management \u0219i a dezvolt\u0103rii bazelor de date.<\/p>\n<\/section>\n<section id=\"tc\">\n<h3 class=\"auto-style5\"><img loading=\"lazy\" class=\"size-medium wp-image-2922 alignleft\" src=\"https:\/\/etti-master.utcluj.ro\/wp-content\/uploads\/2026\/04\/Poster_TC.png\" alt=\"\" width=\"212\" height=\"300\">Telecomunica\u0163ii<\/h3>\n<p class=\"auto-style2\">Responsabil program:&nbsp;<strong>Prof.dr.ing. Virgil Dobrot\u0103<\/strong><\/p>\n<p class=\"auto-style5\"><a class=\"auto-style2\" href=\"http:\/\/el.el.obs.utcluj.ro\/tc\" target=\"_blank\" rel=\"noopener noreferrer\">Pagina web<\/a> \/ <a href=\"https:\/\/etti.utcluj.ro\/files\/Acasa\/Site\/planuri-invatamant\/PP_mas_TC_2025-2026.pdf\" target=\"blank\" rel=\"noopener noreferrer\">Plan de \u00eenv\u0103\u021b\u0103m\u00e2nt<\/a> \/ <a href=\"https:\/\/etti-master.utcluj.ro\/wp-content\/uploads\/2021\/07\/ETTI_2021_RO_master_TC_compressed.pdf\" target=\"_blank\" rel=\"noopener noreferrer\">Pliant prezentare<\/a><\/p>\n<p class=\"auto-style5\" style=\"text-align: justify;\">Masterul \u00een Telecomunica\u021bii (TC) este orientat spre preg\u0103tirea avansat\u0103 \u00een tehnologii de telecomunica\u021bii \u0219i tehnologia informa\u021biei utilizate \u00een comunica\u021bia din retele fixe \u0219i mobile, cu sau f\u0103r\u0103 fir, at\u00e2t din punct de vedere al unei riguroase proiect\u0103ri \u0219tiin\u021bifice c\u00e2t \u0219i din punct de vedere al aducerii de plus de cunoa\u0219tere prin cercetare aplicativ\u0103.<br>Competen\u021be profesionale: Analiza, proiectarea, testarea \u0219i evaluarea sistemelor de telecomunica\u021bii complexe (inclusiv cloud, re\u021bele definite prin software SDN, comunica\u021bii radio definite prin software SDR). Modelarea \u0219i planificarea re\u021belelor de telecomunica\u021bii complexe. Instalarea, configurarea, operarea \u0219i intre\u021binerea hardware \u0219i software a re\u021belelor de telecomunica\u021bii complexe. Proiectarea de sisteme avansate de modula\u021bie \u0219i criptare. Aplica\u021bii software securizate pentru telecomunica\u021bii \u00een tehnologii web.<\/p>\n<\/section>\n","protected":false},"excerpt":{"rendered":"<p>Descrierea programelor universitare de master oferite de Facultatea de Electronic\u0103, Telecomunica\u021bii \u0219i Tehnologia Informa\u021biei.<\/p>\n","protected":false},"author":3,"featured_media":3093,"parent":0,"menu_order":0,"comment_status":"closed","ping_status":"closed","template":"page-templates\/full-width-page.php","meta":[],"_links":{"self":[{"href":"https:\/\/etti-master.utcluj.ro\/index.php\/wp-json\/wp\/v2\/pages\/98"}],"collection":[{"href":"https:\/\/etti-master.utcluj.ro\/index.php\/wp-json\/wp\/v2\/pages"}],"about":[{"href":"https:\/\/etti-master.utcluj.ro\/index.php\/wp-json\/wp\/v2\/types\/page"}],"author":[{"embeddable":true,"href":"https:\/\/etti-master.utcluj.ro\/index.php\/wp-json\/wp\/v2\/users\/3"}],"replies":[{"embeddable":true,"href":"https:\/\/etti-master.utcluj.ro\/index.php\/wp-json\/wp\/v2\/comments?post=98"}],"version-history":[{"count":168,"href":"https:\/\/etti-master.utcluj.ro\/index.php\/wp-json\/wp\/v2\/pages\/98\/revisions"}],"predecessor-version":[{"id":3655,"href":"https:\/\/etti-master.utcluj.ro\/index.php\/wp-json\/wp\/v2\/pages\/98\/revisions\/3655"}],"wp:featuredmedia":[{"embeddable":true,"href":"https:\/\/etti-master.utcluj.ro\/index.php\/wp-json\/wp\/v2\/media\/3093"}],"wp:attachment":[{"href":"https:\/\/etti-master.utcluj.ro\/index.php\/wp-json\/wp\/v2\/media?parent=98"}],"curies":[{"name":"wp","href":"https:\/\/api.w.org\/{rel}","templated":true}]}}