{"id":2424,"date":"2022-09-09T12:29:54","date_gmt":"2022-09-09T10:29:54","guid":{"rendered":"https:\/\/etti-master.utcluj.ro\/?page_id=2424"},"modified":"2025-09-17T08:42:53","modified_gmt":"2025-09-17T06:42:53","slug":"rezultate-admitere","status":"publish","type":"page","link":"https:\/\/etti-master.utcluj.ro\/index.php\/rezultate-admitere\/","title":{"rendered":"Rezultate admitere"},"content":{"rendered":"<p><!--\n\n\n<h3 style=\"color:maroon;\"> Rezultate finale - sesiunea SEPTEMBRIE 2024<\/h3>\n\n\n\n\n<p style=\"text-align: justify;\">Rezultatele <strong>finale <\/strong>ale examenului de admitere la programele de master ale Facult\u0103\u0163ii de Electronic\u0103, Telecomunica\u0163ii \u015fi Tehnologia Informa\u0163iei din sesiunea <strong>SEPTEMBRIE 2024<\/strong> sunt disponibile \u00een documentele de mai jos, pe baza num\u0103rului legitima\u021biei de concurs.<\/p>\n\n\n\n\n\n<ul>\n \t\n\n<li><a href=\"https:\/\/etti-master.utcluj.ro\/wp-content\/uploads\/2024\/09\/Candidati-admisi-pe-sesiune-publicare-16-09-24.pdf\">Candida\u021bi admi\u0219i<\/a> (16.09.2024)<\/li>\n\n\n \t\n\n<li>Candida\u021bi \u00een a\u0219teptare -- nu este cazul<\/li>\n\n\n \t\n\n<li><a href=\"https:\/\/etti-master.utcluj.ro\/wp-content\/uploads\/2024\/09\/Candidati-respinsi-publicare-16-09-24-2.pdf\">Candida\u021bi respin\u0219i<\/a> (16.09.2024)<\/li>\n\n\n \t\n\n<li><a href=\"https:\/\/etti-master.utcluj.ro\/wp-content\/uploads\/2024\/09\/Candidai-admii-pe-sesiune-publicare-16-09-24-ETAPA-FINALA.pdf\">Candida\u0163i interna\u0163ionali<\/a> (16.09.2024)<\/li>\n\n\n<\/ul>\n\n\n\n\n<h3 style=\"color:maroon;\"> Rezultate dup\u0103 runda 1 de confirm\u0103ri - sesiunea SEPTEMBRIE 2024<\/h3>\n\n\n\n\n<p style=\"text-align: justify;\">Rezultatele <strong>dup\u0103 runda 1 de confirm\u0103ri<\/strong><strong>&nbsp;<\/strong>ale examenului de admitere la programele de master ale Facult\u0103\u0163ii de Electronic\u0103, Telecomunica\u0163ii \u015fi Tehnologia Informa\u0163iei din sesiunea <strong>SEPTEMBRIE&nbsp;2024<\/strong> sunt disponibile \u00een documentele de mai jos, pe baza num\u0103rului legitima\u021biei de concurs.<\/p>\n\n\n\n\n\n<ul>\n \t\n\n<li><a href=\"https:\/\/etti-master.utcluj.ro\/wp-content\/uploads\/2024\/09\/Candidati-admisi-pe-sesiune-publicare-13-09-24.pdf\">Candida\u021bi admi\u0219i<\/a> (13.09.2024)<\/li>\n\n\n \t\n\n<li><a href=\"https:\/\/etti-master.utcluj.ro\/wp-content\/uploads\/2024\/09\/Candidati-in-asteptare-13-09-24.pdf\">Candida\u021bi \u00een a\u0219teptare<\/a> (13.09.2024)<\/li>\n\n\n \t\n\n<li><a href=\"https:\/\/etti-master.utcluj.ro\/wp-content\/uploads\/2024\/09\/Candidati-respinsi-publicare-13-09-24.pdf\">Candida\u021bi respin\u0219i<\/a> (13.09.2024)<\/li>\n\n\n \t\n\n<li><a href=\"https:\/\/etti-master.utcluj.ro\/wp-content\/uploads\/2024\/09\/Candidai-admii-pe-sesiune-publicare-13-09-24-et-2.pdf\">Candida\u0163i interna\u0163ionali<\/a> (13.09.2024)<\/li>\n\n\n<\/ul>\n\n\n\n\n<h3 style=\"color:maroon;\"> Rezultate ini\u021biale - sesiunea SEPTEMBRIE 2024<\/h3>\n\n\n\n\n<p style=\"text-align: justify;\">Rezultatele <strong>ini\u021biale <\/strong>ale examenului de admitere la programele de master ale Facult\u0103\u0163ii de Electronic\u0103, Telecomunica\u0163ii \u015fi Tehnologia Informa\u0163iei din sesiunea <strong>SEPTEMBRIE&nbsp;2024<\/strong> sunt disponibile \u00een documentele de mai jos, pe baza num\u0103rului legitima\u021biei de concurs.<\/p>\n\n\n\n\n\n<ul>\n \t\n\n<li><a href=\"https:\/\/etti-master.utcluj.ro\/wp-content\/uploads\/2024\/09\/Candidati-admisi-pe-sesiune-publicare-12-09-24-1.pdf\">Candida\u021bi admi\u0219<\/a>i (12.09.2024)<\/li>\n\n\n \t\n\n<li><a href=\"https:\/\/etti-master.utcluj.ro\/wp-content\/uploads\/2024\/09\/Candidati-in-asteptare-12-09-24-1.pdf\">Candida\u021bi \u00een a\u0219teptare<\/a> (12.09.2024)<\/li>\n\n\n \t\n\n<li><a href=\"https:\/\/etti-master.utcluj.ro\/wp-content\/uploads\/2024\/09\/Candidati-respinsi-publicare-12-09-24-1.pdf\">Candida\u021bi respin\u0219i<\/a> (12.09.2024)<\/li>\n\n\n \t\n\n<li><a href=\"https:\/\/etti-master.utcluj.ro\/wp-content\/uploads\/2024\/09\/Candidai-admii-pe-sesiune-publicare-12-09-24_INTERNATIONALI.pdf\">Candida\u0163i interna\u0163ionali<\/a> (12.09.2024)<\/li>\n\n\n<\/ul>\n\n\n--><\/p>\n<h5 class=\"has-text-align-center\" style=\"color: maroon;\">ATEN\u021aIE!!! Locul ocupat \u00een urma concursului de admitere trebuie confirmat (vezi <a href=\"https:\/\/etti-master.utcluj.ro\/index.php\/confirmare-loc\/\">Confirmarea locului<\/a>).<\/h5>\n<h3 style=\"color:maroon;\"> Rezultate finale &#8211; sesiunea SEPTEMBRIE 2025<\/h3>\n<p style=\"text-align: justify;\">Rezultatele <strong>finale <\/strong>ale examenului de admitere la programele de master ale Facult\u0103\u0163ii de Electronic\u0103, Telecomunica\u0163ii \u015fi Tehnologia Informa\u0163iei din sesiunea <strong>SEPTEMBRIE 2025<\/strong> sunt disponibile \u00een documentele de mai jos, pe baza num\u0103rului legitima\u021biei de concurs.<\/p>\n<ul>\n<li>Candida\u021bi <a href=\"https:\/\/etti-master.utcluj.ro\/wp-content\/uploads\/2025\/09\/Candidati-admisi-pe-sesiune-publicare-17-09-25.pdf\" target=\"_blank\" rel=\"noopener\">admi\u0219i<\/a> (17.09.2025)<\/li>\n<li>Candida\u021bi <a href=\"https:\/\/etti-master.utcluj.ro\/wp-content\/uploads\/2025\/09\/Candidati-respinsi-publicare-17-09-25.pdf\" target=\"_blank\" rel=\"noopener\">respin\u0219i<\/a> (17.09.2025)<\/li>\n<li>Candida\u0163i interna\u0163ionali&#8211; nu este cazul<\/li>\n<li>Candida\u021bi \u00een a\u0219teptare &#8212; nu este cazul<\/li>\n<li>Candida\u021bi retra\u0219i &#8212; nu este cazul<\/li>\n<\/ul>\n<h3 style=\"color:maroon;\"> Rezultate dup\u0103 runda 1 de confirm\u0103ri &#8211; sesiunea SEPTEMBRIE 2025<\/h3>\n<p style=\"text-align: justify;\">Rezultatele <strong>dup\u0103 runda 1 de confirm\u0103ri <\/strong>ale examenului de admitere la programele de master ale Facult\u0103\u0163ii de Electronic\u0103, Telecomunica\u0163ii \u015fi Tehnologia Informa\u0163iei din sesiunea <strong>SEPTEMBRIE 2025<\/strong> sunt disponibile \u00een documentele de mai jos, pe baza num\u0103rului legitima\u021biei de concurs.<\/p>\n<ul>\n<li>Candida\u021bi <a href=\"https:\/\/etti-master.utcluj.ro\/wp-content\/uploads\/2025\/09\/Candidati-admisi-pe-sesiune-publicare-16-09-25.pdf\" target=\"_blank\" rel=\"noopener\">admi\u0219i<\/a> (16.09.2025)<\/li>\n<li>Candida\u021bi <a href=\"https:\/\/etti-master.utcluj.ro\/wp-content\/uploads\/2025\/09\/Candidati-respinsi-publicare-16-09-25.pdf\" target=\"_blank\" rel=\"noopener\">respin\u0219i<\/a> (16.09.2025)<\/li>\n<li>Candida\u0163i interna\u0163ionali&#8211; nu este cazul<\/li>\n<li>Candida\u021bi \u00een a\u0219teptare &#8212; nu este cazul<\/li>\n<\/ul>\n<h3 style=\"color:maroon;\"> Rezultate ini\u021biale &#8211; sesiunea SEPTEMBRIE 2025<\/h3>\n<p><!-- \/wp:html --><\/p>\n<p style=\"text-align: justify;\">Rezultatele <strong>ini\u021biale <\/strong>ale examenului de admitere la programele de master ale Facult\u0103\u0163ii de Electronic\u0103, Telecomunica\u0163ii \u015fi Tehnologia Informa\u0163iei din sesiunea <strong>SEPTEMBRIE 2025<\/strong> sunt disponibile \u00een documentele de mai jos, pe baza num\u0103rului legitima\u021biei de concurs.<\/p>\n<ul>\n<li>Candida\u021bi <a href=\"https:\/\/etti-master.utcluj.ro\/wp-content\/uploads\/2025\/09\/Candidati-admisi-pe-sesiune-publicare-15-09-25.pdf\" target=\"_blank\" rel=\"noopener\">admi\u0219i<\/a> (15.09.2025)<\/li>\n<li>Candida\u0163i interna\u0163ionali  &#8212; nu este cazul<\/li>\n<li>Candida\u021bi respin\u0219i &#8212; nu este cazul<\/li>\n<li>Candida\u021bi \u00een a\u0219teptare &#8212; nu este cazul<\/li>\n<\/ul>\n<h5 class=\"has-text-align-center\" style=\"color: maroon;\">ATEN\u021aIE!!! Locul ocupat \u00een urma concursului de admitere trebuie confirmat (vezi <a href=\"https:\/\/etti-master.utcluj.ro\/index.php\/confirmare-loc\/\">Confirmarea locului<\/a>).<\/h5>\n<p><!--\n\n\n<h3 style=\"color:maroon;\"> Rezultate finale - sesiunea SEPTEMBRIE 2023<\/h3>\n\n\n\n\n<p style=\"text-align: justify;\">Rezultatele <strong>finale <\/strong>ale examenului de admitere la programele de master ale Facult\u0103\u0163ii de Electronic\u0103, Telecomunica\u0163ii \u015fi Tehnologia Informa\u0163iei din sesiunea <strong>SEPTEMBRIE 2023<\/strong> sunt disponibile \u00een documentele de mai jos, pe baza num\u0103rului legitima\u021biei de concurs.<\/p>\n\n\n\n\n\n<ul>\n \t\n\n<li>Candida\u021bi rom\u00e2ni -- <a href=\"https:\/\/etti-master.utcluj.ro\/wp-content\/uploads\/2023\/09\/Candidati-admisi-pe-sesiune-publicare-18-09-23.pdf\" target=\"_blank\" rel=\"noopener\">admi\u0219i<\/a> (18.09.2023)<\/li>\n\n\n \t\n\n<li>Candida\u021bi rom\u00e2ni -- respinsi nu e cazul (18.09.2023)<\/li>\n\n\n \t\n\n<li>Candida\u021bi interna\u021bionali -- nu e cazul.<\/li>\n\n\n<\/ul>\n\n\n\n\n<h5 class=\"has-text-align-center\" style=\"color: maroon;\">ATEN\u021aIE!!! Locul ocupat \u00een urma concursului de admitere trebuie confirmat (vezi <a href=\"https:\/\/etti-master.utcluj.ro\/index.php\/confirmare-loc\/\">Confirmarea locului<\/a>).<\/h5>\n\n\n--><\/p>\n","protected":false},"excerpt":{"rendered":"<p>Rezultatele examenului de admitere la programele de master ETTI<\/p>\n","protected":false},"author":3,"featured_media":1317,"parent":0,"menu_order":0,"comment_status":"closed","ping_status":"closed","template":"page-templates\/full-width-page.php","meta":[],"_links":{"self":[{"href":"https:\/\/etti-master.utcluj.ro\/index.php\/wp-json\/wp\/v2\/pages\/2424"}],"collection":[{"href":"https:\/\/etti-master.utcluj.ro\/index.php\/wp-json\/wp\/v2\/pages"}],"about":[{"href":"https:\/\/etti-master.utcluj.ro\/index.php\/wp-json\/wp\/v2\/types\/page"}],"author":[{"embeddable":true,"href":"https:\/\/etti-master.utcluj.ro\/index.php\/wp-json\/wp\/v2\/users\/3"}],"replies":[{"embeddable":true,"href":"https:\/\/etti-master.utcluj.ro\/index.php\/wp-json\/wp\/v2\/comments?post=2424"}],"version-history":[{"count":69,"href":"https:\/\/etti-master.utcluj.ro\/index.php\/wp-json\/wp\/v2\/pages\/2424\/revisions"}],"predecessor-version":[{"id":3592,"href":"https:\/\/etti-master.utcluj.ro\/index.php\/wp-json\/wp\/v2\/pages\/2424\/revisions\/3592"}],"wp:featuredmedia":[{"embeddable":true,"href":"https:\/\/etti-master.utcluj.ro\/index.php\/wp-json\/wp\/v2\/media\/1317"}],"wp:attachment":[{"href":"https:\/\/etti-master.utcluj.ro\/index.php\/wp-json\/wp\/v2\/media?parent=2424"}],"curies":[{"name":"wp","href":"https:\/\/api.w.org\/{rel}","templated":true}]}}