{"id":1413,"date":"2019-09-17T13:16:36","date_gmt":"2019-09-17T11:16:36","guid":{"rendered":"http:\/\/etti-master.utcluj.ro\/?page_id=1413"},"modified":"2025-09-15T11:27:04","modified_gmt":"2025-09-15T09:27:04","slug":"programari-interviu","status":"publish","type":"page","link":"https:\/\/etti-master.utcluj.ro\/index.php\/programari-interviu\/","title":{"rendered":"Programare interviu candida\u021bi"},"content":{"rendered":"\n<p><p>Interviul din data de 15.09.2025 va avea loc online, pe platforma MsTeams, <strong>de la ora 13:00<\/strong>. Pe parcursul interviului camerele trebuie s\u0103 fie pornite. \u00cen conformitate cu regulamentul UTCN, interviurile sunt \u00eenregistrate \u0219i arhivate.<\/p>\n<p>Candida\u021bii sunt planifica\u021bi la comisiile de interviu \u00een func\u021bie de prima op\u021biune.<\/p><\/p>\n\n\n<p><!--\n\n\n\n\n\n\n\n\n\n\n\n\n\n\n\n\n\n\n\n\n\n\n\n\n\n\n\n\n\n\n\n\n\n\n\n\n\n\n\n\n\n\n\n\n\n\n\n\n\n\n\n\n\n\n\n\n\n\n\n\n\n\n\n\n\n\n\n\n\n\n\n\n\n\n\n\n\n<tr style=\"border: none;\">\n\n\n\n\n\n\n\n\n\n\n\n\n\n\n\n\n\n\n\n\n\n\n\n\n\n\n\n\n\n\n\n\n\n\n\n\n\n\n\n\n\n\n\n\n\n\n\n\n\n\n\n\n\n\n\n\n\n\n\n\n\n\n\n\n\n\n\n\n\n\n\n\n\n\n\n\n\n\n<td style=\"border: none;\">\n\n\n\n\n\n\n\n\n\n\n\n\n\n\n\n\n\n\n\n\n\n\n\n\n\n\n\n\n\n\n\n\n\n\n\n\n\n\n\n\n\n\n\n\n\n\n\n\n\n\n\n\n\n\n\n\n\n\n\n\n\n\n\n\n\n\n\n\n\n\n\n\n\n\n\n\n\n\n<ul style=\"list-style-type: none;\">\n\n\n\n\n\n\n\n\n\n\n\n\n\n\n\n\n\n\n\n\n\n\n\n\n\n\n\n\n\n\n\n\n\n\n\n\n\n\n\n\n\n\n\n\n\n\n\n\n\n\n\n\n\n\n\n\n\n\n\n\n\n\n\n\n\n\n\n\n\n\n\n\n\n\n\n\n\n\n<li><strong>Comisia IE<\/strong> - pentru programul de studiu\n\n\n\n\n\n\n\n\n\n\n\n\n\n\n\n\n\n\n\n\n\n\n\n\n\n\n\n\n\n\n\n\n\n\n\n\n\n\n\n\n\n\n\n\n\n\n\n\n\n\n\n\n\n\n\n\n\n\n\n\n\n\n\n\n\n\n\n\n\n\n\n\n\n\n\n\n\n\n<ul style=\"list-style-type: circle;\">\n\n\n\n\n\n\n\n\n\n\n\n\n\n\n\n\n\n\n\n\n\n\n\n\n\n\n\n\n\n\n\n\n\n\n\n\n\n\n\n\n\n\n\n\n\n\n\n\n\n\n\n\n\n\n\n\n\n\n\n\n\n\n\n\n\n\n\n\n\n\n\n\n\n\n\n\n\n\n<li>Inginerie electronic\u0103<\/li>\n\n\n\n\n\n\n\n\n\n\n\n\n\n\n\n\n\n\n\n\n\n\n\n\n\n\n\n\n\n\n\n\n\n\n\n\n\n\n\n\n\n\n\n\n\n\n\n\n\n\n\n\n\n\n\n\n\n\n\n\n\n\n\n\n\n\n\n\n\n\n\n\n\n\n\n\n\n\n<\/ul>\n\n\n\n\n\n\n\n\n\n\n\n\n\n\n\n\n\n\n\n\n\n\n\n\n\n\n\n\n\n\n\n\n\n\n\n\n\n\n\n\n\n\n\n\n\n\n\n\n\n\n\n\n\n\n\n\n\n\n\n\n\n\n\n\n\n\n\n\n\n\n\n\n\n\n\n\n\n\n<\/li>\n\n\n\n\n\n\n\n\n\n\n\n\n\n\n\n\n\n\n\n\n\n\n\n\n\n\n\n\n\n\n\n\n\n\n\n\n\n\n\n\n\n\n\n\n\n\n\n\n\n\n\n\n\n\n\n\n\n\n\n\n\n\n\n\n\n\n\n\n\n\n\n\n\n\n\n\n\n\n<\/ul>\n\n\n\n\n\n\n\n\n\n\n\n\n\n\n\n\n\n\n\n\n\n\n\n\n\n\n\n\n\n\n\n\n\n\n\n\n\n\n\n\n\n\n\n\n\n\n\n\n\n\n\n\n\n\n\n\n\n\n\n\n\n\n\n\n\n\n\n\n\n\n\n\n\n\n\n\n\n\n<\/td>\n\n\n\n\n\n\n\n\n\n\n\n\n\n\n\n\n\n\n\n\n\n\n\n\n\n\n\n\n\n\n\n\n\n\n\n\n\n\n\n\n\n\n\n\n\n\n\n\n\n\n\n\n\n\n\n\n\n\n\n\n\n\n\n\n\n\n\n\n\n\n\n\n\n\n\n\n\n\n\n\n\n\n\n\n\n\n\n\n\n\n\n\n\n\n\n\n\n\n\n\n\n\n\n\n\n\n\n\n\n\n\n\n\n\n\n\n\n\n\n\n\n\n\n\n\n\n\n\n\n\n\n\n\n\n\n\n\n\n\n\n\n\n\n\n\n\n\n\n\n\n\n\n\n\n\n\n<td style=\"border: none; vertical-align: middle;\"><a href=\"https:\/\/teams.microsoft.com\/l\/team\/19%3AGtOMDudnntWL9u-5fVdW5hzYQTHbtmgtffPa1IKJ3Sg1%40thread.tacv2\/conversations?groupId=a55d3613-c039-4198-8848-0ec669cd913e&amp;tenantId=a6eb79fa-c4a9-4cce-818d-b85274d15305\" target=\"_blank\" rel=\"noopener\">Link Team<\/a> IE<br \/><a href=\"https:\/\/etti-master.utcluj.ro\/wp-content\/uploads\/2024\/07\/C2_programare.pdf\" target=\"_blank\" rel=\"noopener\">Programare<\/a><\/td>\n\n\n\n\n\n\n\n\n\n\n\n\n\n\n\n\n\n\n\n\n\n\n\n\n\n\n\n\n\n\n\n\n\n\n\n\n\n\n\n\n\n\n\n\n\n\n\n\n\n\n\n\n\n\n\n\n\n\n\n\n\n\n\n\n\n\n\n\n\n\n\n\n\n\n\n\n\n\n<\/tr>\n\n\n\n\n\n\n\n\n\n\n\n\n\n\n\n\n\n\n\n\n\n\n\n\n\n\n\n\n\n\n\n\n\n\n\n\n\n\n\n\n\n\n\n\n\n\n\n\n\n\n\n\n\n\n\n\n\n\n\n\n\n\n\n\n\n\n\n\n\n\n\n\n\n\n\n\n\n\n\n\n\n\n\n\n\n\n\n\n\n\n\n\n\n\n\n\n\n\n\n\n\n\n\n\n\n\n\n\n\n\n\n\n\n\n\n\n\n\n\n\n\n\n\n\n\n\n\n\n\n\n\n\n\n\n\n\n\n\n\n\n\n\n\n\n\n\n\n\n\n\n\n\n\n\n\n\n<tr>\n\n\n\n\n\n\n\n\n\n\n\n\n\n\n\n\n\n\n\n\n\n\n\n\n\n\n\n\n\n\n\n\n\n\n\n\n\n\n\n\n\n\n\n\n\n\n\n\n\n\n\n\n\n\n\n\n\n\n\n\n\n\n\n\n\n\n\n\n\n\n\n\n\n\n\n\n\n\n<td style=\"border: none;\">\n\n\n\n\n\n\n\n\n\n\n\n\n\n\n\n\n\n\n\n\n\n\n\n\n\n\n\n\n\n\n\n\n\n\n\n\n\n\n\n\n\n\n\n\n\n\n\n\n\n\n\n\n\n\n\n\n\n\n\n\n\n\n\n\n\n\n\n\n\n\n\n\n\n\n\n\n\n\n<ul style=\"list-style-type: none;\">\n\n\n\n\n\n\n\n\n\n\n\n\n\n\n\n\n\n\n\n\n\n\n\n\n\n\n\n\n\n\n\n\n\n\n\n\n\n\n\n\n\n\n\n\n\n\n\n\n\n\n\n\n\n\n\n\n\n\n\n\n\n\n\n\n\n\n\n\n\n\n\n\n\n\n\n\n\n\n<li><strong>Comisia IAPSET, PSI<\/strong> - pentru programele de studiu\n\n\n\n\n\n\n\n\n\n\n\n\n\n\n\n\n\n\n\n\n\n\n\n\n\n\n\n\n\n\n\n\n\n\n\n\n\n\n\n\n\n\n\n\n\n\n\n\n\n\n\n\n\n\n\n\n\n\n\n\n\n\n\n\n\n\n\n\n\n\n\n\n\n\n\n\n\n\n<ul style=\"list-style-type: circle;\">\n\n\n\n\n\n\n\n\n\n\n\n\n\n\n\n\n\n\n\n\n\n\n\n\n\n\n\n\n\n\n\n\n\n\n\n\n\n\n\n\n\n\n\n\n\n\n\n\n\n\n\n\n\n\n\n\n\n\n\n\n\n\n\n\n\n\n\n\n\n\n\n\n\n\n\n\n\n\n<li>Inteligen\u021b\u0103 artificial\u0103 \u0219i prelucr\u0103ri de semnale \u00een electronic\u0103 \u0219i telecomunica\u021bii (\u00een limba englez\u0103)<\/li>\n\n\n\n\n\n\n\n\n\n\n\n\n\n\n\n\n\n\n\n\n\n\n\n\n\n\n\n\n\n\n\n\n\n\n\n\n\n\n\n\n\n\n\n\n\n\n\n\n\n\n\n\n\n\n\n\n\n\n\n\n\n\n\n\n\n\n\n\n\n\n\n\n\n\n\n\n\n\n\n\n\n\n\n\n\n\n\n\n\n\n\n\n\n\n\n\n\n\n\n\n\n\n\n\n\n\n\n\n\n\n\n\n\n\n\n\n\n\n\n\n\n\n\n\n\n\n\n\n\n\n\n\n\n\n\n\n\n\n\n\n\n\n\n\n\n\n\n\n\n\n\n\n\n\n\n\n<li>Prelucrarea semnalelor \u0219i imaginilor (\u00een limba francez\u0103)<\/li>\n\n\n\n\n\n\n\n\n\n\n\n\n\n\n\n\n\n\n\n\n\n\n\n\n\n\n\n\n\n\n\n\n\n\n\n\n\n\n\n\n\n\n\n\n\n\n\n\n\n\n\n\n\n\n\n\n\n\n\n\n\n\n\n\n\n\n\n\n\n\n\n\n\n\n\n\n\n\n<\/ul>\n\n\n\n\n\n\n\n\n\n\n\n\n\n\n\n\n\n\n\n\n\n\n\n\n\n\n\n\n\n\n\n\n\n\n\n\n\n\n\n\n\n\n\n\n\n\n\n\n\n\n\n\n\n\n\n\n\n\n\n\n\n\n\n\n\n\n\n\n\n\n\n\n\n\n\n\n\n\n<\/li>\n\n\n\n\n\n\n\n\n\n\n\n\n\n\n\n\n\n\n\n\n\n\n\n\n\n\n\n\n\n\n\n\n\n\n\n\n\n\n\n\n\n\n\n\n\n\n\n\n\n\n\n\n\n\n\n\n\n\n\n\n\n\n\n\n\n\n\n\n\n\n\n\n\n\n\n\n\n\n<\/ul>\n\n\n\n\n\n\n\n\n\n\n\n\n\n\n\n\n\n\n\n\n\n\n\n\n\n\n\n\n\n\n\n\n\n\n\n\n\n\n\n\n\n\n\n\n\n\n\n\n\n\n\n\n\n\n\n\n\n\n\n\n\n\n\n\n\n\n\n\n\n\n\n\n\n\n\n\n\n\n<\/td>\n\n\n\n\n\n\n\n\n\n\n\n\n\n\n\n\n\n\n\n\n\n\n\n\n\n\n\n\n\n\n\n\n\n\n\n\n\n\n\n\n\n\n\n\n\n\n\n\n\n\n\n\n\n\n\n\n\n\n\n\n\n\n\n\n\n\n\n\n\n\n\n\n\n\n\n\n\n\n\n\n\n\n\n\n\n\n\n\n\n\n\n\n\n\n\n\n\n\n\n\n\n\n\n\n\n\n\n\n\n\n\n\n\n\n\n\n\n\n\n\n\n\n\n\n\n\n\n\n\n\n\n\n\n\n\n\n\n\n\n\n\n\n\n\n\n\n\n\n\n\n\n\n\n\n\n\n<td style=\"border: none; vertical-align: middle;\"><a href=\"https:\/\/teams.microsoft.com\/l\/team\/19%3AGdjs3jWmz7SjcUWdWOBg8sSls3hHLH_RjaG_xcRhFbQ1%40thread.tacv2\/conversations?groupId=b579e0a2-5e58-452d-b91f-ac2598450557&amp;tenantId=a6eb79fa-c4a9-4cce-818d-b85274d15305\" target=\"_blank\" rel=\"noopener\">Link Team<\/a> IAPSET, PSI<br \/><a href=\"https:\/\/etti-master.utcluj.ro\/wp-content\/uploads\/2024\/07\/C3_programare.pdf\" target=\"_blank\" rel=\"noopener\">Programare<\/a><\/td>\n\n\n\n\n\n\n\n\n\n\n\n\n\n\n\n\n\n\n\n\n\n\n\n\n\n\n\n\n\n\n\n\n\n\n\n\n\n\n\n\n\n\n\n\n\n\n\n\n\n\n\n\n\n\n\n\n\n\n\n\n\n\n\n\n\n\n\n\n\n\n\n\n\n\n\n\n\n\n<\/tr>\n\n\n\n\n\n\n\n\n\n\n\n\n\n\n\n\n\n\n\n\n\n\n\n\n\n\n\n\n\n\n\n\n\n\n\n\n\n\n\n\n\n\n\n\n\n\n\n\n\n\n\n\n\n\n\n\n\n\n\n\n\n\n\n\n\n\n\n\n\n\n\n\n\n\n\n\n\n--><\/p>\n<table style=\"border-collapse: collapse; border: none;\">\n<tbody>\n<tr style=\"border: none;\">\n<td style=\"border: none;\">\n<ul style=\"list-style-type: none;\">\n<li><strong>Comisia CSI, TSAeA<\/strong> &#8211; pentru programele de studiu\n<ul style=\"list-style-type: circle;\">\n<li>Circuite \u0219i sisteme integrate<\/li>\n<li>Tehnologii, sisteme \u0219i aplica\u021bii pentru eActivit\u0103\u021bi<\/li>\n<\/ul>\n<\/li>\n<\/ul>\n<\/td>\n<td style=\"border: none; vertical-align: middle;\"><a href=\"https:\/\/teams.microsoft.com\/meet\/3660013541707?p=RGEcHHPSau8oj6QQPr\" target=\"_blank\" rel=\"noopener\">Link Team<\/a> CSI, TSAeA<br><a href=\"https:\/\/etti-master.utcluj.ro\/wp-content\/uploads\/2025\/09\/C1_programare_septembrie.pdf\">Programare<\/a><\/td>\n<\/tr>\n<tr style=\"border: none;\">\n<td style=\"border: none;\">\n<ul style=\"list-style-type: none;\">\n<li><strong>Comisia IE<\/strong> &#8211; pentru programul de studiu\n<ul style=\"list-style-type: circle;\">\n<li>Inginerie electronic\u0103<\/li>\n<\/ul>\n<\/li>\n<\/ul>\n<\/td>\n<td style=\"border: none; vertical-align: middle;\"><a href=\"https:\/\/teams.microsoft.com\/meet\/3831185007050?p=bU1XtOXEx0joe27zgw\" target=\"_blank\" rel=\"noopener\">Link Team<\/a> IE<br><a href=\"https:\/\/etti-master.utcluj.ro\/wp-content\/uploads\/2025\/09\/C2_programare_septembrie.pdf\">Programare<\/a><\/td>\n<\/tr>\n<tr>\n<td style=\"border: none;\">\n<ul style=\"list-style-type: none;\">\n<li><strong>Comisia IAPSET, PSI<\/strong> &#8211; pentru programele de studiu\n<ul style=\"list-style-type: circle;\">\n<li>Inteligen\u021b\u0103 artificial\u0103 \u0219i prelucr\u0103ri de semnale \u00een electronic\u0103 \u0219i telecomunica\u021bii (\u00een limba englez\u0103)<\/li>\n<li>Prelucrarea semnalelor \u0219i imaginilor (\u00een limba francez\u0103)<\/li>\n<\/ul>\n<\/li>\n<\/ul>\n<\/td>\n<td style=\"border: none; vertical-align: middle;\"><a href=\"https:\/\/teams.microsoft.com\/meet\/3452148918688?p=VFIBKuImcsIjDkdpNc\" target=\"_blank\" rel=\"noopener\">Link Team<\/a> IAPSET, PSI<br><a href=\"https:\/\/etti-master.utcluj.ro\/wp-content\/uploads\/2025\/09\/C3_programare_septembrie.pdf\">Programare<\/a><\/td>\n<\/tr>\n<tr>\n<td style=\"border: none;\">\n<ul style=\"list-style-type: none;\">\n<li><strong>Comisia SICAS, TM, TC<\/strong> &#8211; pentru programele de studiu\n<ul style=\"list-style-type: circle;\">\n<li>Sisteme integrate de comunica\u021bii cu aplica\u021bii speciale<\/li>\n<li>Tehnologii multimedia<\/li>\n<li>Telecomunica\u021bii<\/li>\n<\/ul>\n<\/li>\n<\/ul>\n<\/td>\n<td style=\"border: none; vertical-align: middle;\"><a href=\"http:\/\/bit.ly\/463hAvl\" target=\"_blank\" rel=\"noopener\">Link Team<\/a> SICAS, TM, TC<br><a href=\"https:\/\/etti-master.utcluj.ro\/wp-content\/uploads\/2025\/09\/C4_programare_septembrie.pdf\">Programare<\/a><\/td>\n<\/tr>\n<\/tbody>\n<\/table>","protected":false},"excerpt":{"rendered":"<p>Interviul din data de 15.09.2025 va avea loc online, pe platforma MsTeams, de la ora 13:00. Pe parcursul interviului camerele trebuie s\u0103 fie pornite. \u00cen conformitate cu regulamentul UTCN, interviurile sunt \u00eenregistrate \u0219i arhivate. Candida\u021bii sunt planifica\u021bi la comisiile de interviu \u00een func\u021bie de prima op\u021biune. Comisia CSI, TSAeA &#8211; pentru programele de studiu Circuite &hellip; <a href=\"https:\/\/etti-master.utcluj.ro\/index.php\/programari-interviu\/\" class=\"more-link\">Continue reading <span class=\"screen-reader-text\">Programare interviu candida\u021bi<\/span><\/a><\/p>\n","protected":false},"author":3,"featured_media":1317,"parent":0,"menu_order":0,"comment_status":"closed","ping_status":"closed","template":"page-templates\/full-width-page.php","meta":[],"_links":{"self":[{"href":"https:\/\/etti-master.utcluj.ro\/index.php\/wp-json\/wp\/v2\/pages\/1413"}],"collection":[{"href":"https:\/\/etti-master.utcluj.ro\/index.php\/wp-json\/wp\/v2\/pages"}],"about":[{"href":"https:\/\/etti-master.utcluj.ro\/index.php\/wp-json\/wp\/v2\/types\/page"}],"author":[{"embeddable":true,"href":"https:\/\/etti-master.utcluj.ro\/index.php\/wp-json\/wp\/v2\/users\/3"}],"replies":[{"embeddable":true,"href":"https:\/\/etti-master.utcluj.ro\/index.php\/wp-json\/wp\/v2\/comments?post=1413"}],"version-history":[{"count":115,"href":"https:\/\/etti-master.utcluj.ro\/index.php\/wp-json\/wp\/v2\/pages\/1413\/revisions"}],"predecessor-version":[{"id":3574,"href":"https:\/\/etti-master.utcluj.ro\/index.php\/wp-json\/wp\/v2\/pages\/1413\/revisions\/3574"}],"wp:featuredmedia":[{"embeddable":true,"href":"https:\/\/etti-master.utcluj.ro\/index.php\/wp-json\/wp\/v2\/media\/1317"}],"wp:attachment":[{"href":"https:\/\/etti-master.utcluj.ro\/index.php\/wp-json\/wp\/v2\/media?parent=1413"}],"curies":[{"name":"wp","href":"https:\/\/api.w.org\/{rel}","templated":true}]}}